{"id":346,"date":"2017-04-22T11:15:51","date_gmt":"2017-04-22T11:15:51","guid":{"rendered":"https:\/\/www.sallejoven.es\/?page_id=346"},"modified":"2017-04-23T10:47:20","modified_gmt":"2017-04-23T10:47:20","slug":"grupos-juveniles-la-salle-espana-y-portugal","status":"publish","type":"page","link":"https:\/\/www.sallejoven.es\/?page_id=346","title":{"rendered":"Grupos Juveniles La Salle Espa\u00f1a y Portugal"},"content":{"rendered":"<p>En el siguiente mapa podr\u00e1s encontrar los grupos juveniles La Salle de Espa\u00f1a y Portugal. En cada punto del mapa encontrar\u00e1s informaci\u00f3n de cada uno de los grupos y medio de contacto.<\/p>\n<p>Para m\u00e1s informaci\u00f3n, pueden ponerse en contacto con nosotros en el correo electr\u00f3nico: sallejoven@lasalle.es<\/p>\n<p><iframe loading=\"lazy\" src=\"https:\/\/www.google.com\/maps\/d\/embed?mid=1p2QdRc6zi4tNFyGkMGKmFeQzcqA\" width=\"640\" height=\"480\"><\/iframe><\/p>\n","protected":false},"excerpt":{"rendered":"<p>En el siguiente mapa podr\u00e1s encontrar los grupos juveniles La Salle de Espa\u00f1a y Portugal. En cada punto del mapa encontrar\u00e1s informaci\u00f3n de cada uno de los grupos y medio de contacto. Para m\u00e1s informaci\u00f3n, pueden ponerse en contacto con nosotros en el correo electr\u00f3nico: sallejoven@lasalle.es<\/p>\n<p> <a class=\"continue-reading-link\" href=\"https:\/\/www.sallejoven.es\/?page_id=346\"><span>Leer m\u00e1s<\/span><i class=\"crycon-right-dir\"><\/i><\/a> <\/p>\n","protected":false},"author":5,"featured_media":0,"parent":0,"menu_order":0,"comment_status":"closed","ping_status":"closed","template":"","meta":{"footnotes":""},"class_list":["post-346","page","type-page","status-publish","hentry"],"_links":{"self":[{"href":"https:\/\/www.sallejoven.es\/index.php?rest_route=\/wp\/v2\/pages\/346","targetHints":{"allow":["GET"]}}],"collection":[{"href":"https:\/\/www.sallejoven.es\/index.php?rest_route=\/wp\/v2\/pages"}],"about":[{"href":"https:\/\/www.sallejoven.es\/index.php?rest_route=\/wp\/v2\/types\/page"}],"author":[{"embeddable":true,"href":"https:\/\/www.sallejoven.es\/index.php?rest_route=\/wp\/v2\/users\/5"}],"replies":[{"embeddable":true,"href":"https:\/\/www.sallejoven.es\/index.php?rest_route=%2Fwp%2Fv2%2Fcomments&post=346"}],"version-history":[{"count":7,"href":"https:\/\/www.sallejoven.es\/index.php?rest_route=\/wp\/v2\/pages\/346\/revisions"}],"predecessor-version":[{"id":395,"href":"https:\/\/www.sallejoven.es\/index.php?rest_route=\/wp\/v2\/pages\/346\/revisions\/395"}],"wp:attachment":[{"href":"https:\/\/www.sallejoven.es\/index.php?rest_route=%2Fwp%2Fv2%2Fmedia&parent=346"}],"curies":[{"name":"wp","href":"https:\/\/api.w.org\/{rel}","templated":true}]}}