{"id":32,"date":"2013-11-22T12:24:38","date_gmt":"2013-11-22T12:24:38","guid":{"rendered":"https:\/\/www.sallejoven.es\/?page_id=32"},"modified":"2018-11-11T17:55:14","modified_gmt":"2018-11-11T17:55:14","slug":"subcomision-de-jovenes","status":"publish","type":"page","link":"https:\/\/www.sallejoven.es\/?page_id=32","title":{"rendered":"EQUIPO DE J\u00d3VENES"},"content":{"rendered":"<p style=\"text-align: center;\"><img loading=\"lazy\" decoding=\"async\" class=\"aligncenter wp-image-2336 size-large\" src=\"https:\/\/www.sallejoven.es\/wp-content\/uploads\/2018\/10\/LA-SALLE_2-1024x309.png\" alt=\"\" width=\"900\" height=\"272\" srcset=\"https:\/\/www.sallejoven.es\/wp-content\/uploads\/2018\/10\/LA-SALLE_2-1024x309.png 1024w, https:\/\/www.sallejoven.es\/wp-content\/uploads\/2018\/10\/LA-SALLE_2-550x166.png 550w, https:\/\/www.sallejoven.es\/wp-content\/uploads\/2018\/10\/LA-SALLE_2-768x232.png 768w, https:\/\/www.sallejoven.es\/wp-content\/uploads\/2018\/10\/LA-SALLE_2-150x45.png 150w, https:\/\/www.sallejoven.es\/wp-content\/uploads\/2018\/10\/LA-SALLE_2.png 1920w\" sizes=\"auto, (max-width: 900px) 100vw, 900px\" \/><\/p>\n<p style=\"text-align: left;\"><strong>El Equipo de J\u00f3venes Lasalianos del Distrito ARLEP<\/strong> est\u00e1 formado por 2 j\u00f3venes de cada sector, por el Delegado de Misi\u00f3n Pastoral del Distrito ARLEP, por un representante de la Comisi\u00f3n de Pastoral del Distrito ARLEP y dos Hermanos Visitadores del Distrito.<\/p>\n<p>Puedes ponerte en contacto con ellos para cualquier tema en el correo electr\u00f3nico sallejoven@lasalle.es<\/p>\n<div>\n<p style=\"text-align: center;\"><a class=\"btn green big\" href=\"https:\/\/www.sallejoven.es\/category\/noticias-de-la-subcomision\/\">Noticias de la Subcomisi\u00f3n de J\u00f3venes<\/a><\/p>\n<\/div>\n","protected":false},"excerpt":{"rendered":"<p>El Equipo de J\u00f3venes Lasalianos del Distrito ARLEP est\u00e1 formado por 2 j\u00f3venes de cada sector, por el Delegado de Misi\u00f3n Pastoral del Distrito ARLEP, por un representante de la Comisi\u00f3n de Pastoral del Distrito ARLEP y dos Hermanos Visitadores del Distrito. Puedes ponerte en contacto con ellos para cualquier&#8230;<\/p>\n<p> <a class=\"continue-reading-link\" href=\"https:\/\/www.sallejoven.es\/?page_id=32\"><span>Leer m\u00e1s<\/span><i class=\"crycon-right-dir\"><\/i><\/a> <\/p>\n","protected":false},"author":1,"featured_media":0,"parent":0,"menu_order":0,"comment_status":"open","ping_status":"open","template":"","meta":{"footnotes":""},"class_list":["post-32","page","type-page","status-publish","hentry"],"_links":{"self":[{"href":"https:\/\/www.sallejoven.es\/index.php?rest_route=\/wp\/v2\/pages\/32","targetHints":{"allow":["GET"]}}],"collection":[{"href":"https:\/\/www.sallejoven.es\/index.php?rest_route=\/wp\/v2\/pages"}],"about":[{"href":"https:\/\/www.sallejoven.es\/index.php?rest_route=\/wp\/v2\/types\/page"}],"author":[{"embeddable":true,"href":"https:\/\/www.sallejoven.es\/index.php?rest_route=\/wp\/v2\/users\/1"}],"replies":[{"embeddable":true,"href":"https:\/\/www.sallejoven.es\/index.php?rest_route=%2Fwp%2Fv2%2Fcomments&post=32"}],"version-history":[{"count":21,"href":"https:\/\/www.sallejoven.es\/index.php?rest_route=\/wp\/v2\/pages\/32\/revisions"}],"predecessor-version":[{"id":2498,"href":"https:\/\/www.sallejoven.es\/index.php?rest_route=\/wp\/v2\/pages\/32\/revisions\/2498"}],"wp:attachment":[{"href":"https:\/\/www.sallejoven.es\/index.php?rest_route=%2Fwp%2Fv2%2Fmedia&parent=32"}],"curies":[{"name":"wp","href":"https:\/\/api.w.org\/{rel}","templated":true}]}}