{"id":2669,"date":"2019-06-12T12:01:22","date_gmt":"2019-06-12T12:01:22","guid":{"rendered":"https:\/\/www.sallejoven.es\/?page_id=2669"},"modified":"2019-06-12T12:01:22","modified_gmt":"2019-06-12T12:01:22","slug":"celas-juvenil-2019-2020","status":"publish","type":"page","link":"https:\/\/www.sallejoven.es\/?page_id=2669","title":{"rendered":"CELAS Juvenil 2019-2020"},"content":{"rendered":"\n<h3 class=\"wp-block-heading\">\u00bfCELAS?<\/h3>\n\n\n\n<p>Todos nosotros nos hemos encontrado con San Juan Bautista de La Salle en alg\u00fan momento de nuestra vida y eso marca nuestra existencia y una forma de ser, de servir y de vivir.<\/p>\n\n\n\n<p>El CELAS Juvenil es un programa de formaci\u00f3n lasaliana dirigido a j\u00f3venes del Distrito ARLEP.&nbsp;<\/p>\n\n\n\n<p>En este programa vamos a aprender m\u00e1s cosas de La Salle, de su proyecto de educaci\u00f3n, de su espiritualidad y de la instituci\u00f3n que \u00e9l fund\u00f3. Pero tambi\u00e9n vamos a aprender de los otros. El CELAS es tambi\u00e9n una experiencia de fraternidad, y es en esa experiencia de compartir donde cobra sentido la formaci\u00f3n que recibimos.<\/p>\n\n\n\n<figure class=\"wp-block-image\"><img loading=\"lazy\" decoding=\"async\" width=\"842\" height=\"595\" src=\"https:\/\/www.sallejoven.es\/wp-content\/uploads\/2019\/06\/Folleto-CELAS-Juvenil-2019_P\u00e1gina_1.png\" alt=\"\" class=\"wp-image-2670\" srcset=\"https:\/\/www.sallejoven.es\/wp-content\/uploads\/2019\/06\/Folleto-CELAS-Juvenil-2019_P\u00e1gina_1.png 842w, https:\/\/www.sallejoven.es\/wp-content\/uploads\/2019\/06\/Folleto-CELAS-Juvenil-2019_P\u00e1gina_1-550x389.png 550w, https:\/\/www.sallejoven.es\/wp-content\/uploads\/2019\/06\/Folleto-CELAS-Juvenil-2019_P\u00e1gina_1-768x543.png 768w, https:\/\/www.sallejoven.es\/wp-content\/uploads\/2019\/06\/Folleto-CELAS-Juvenil-2019_P\u00e1gina_1-150x106.png 150w\" sizes=\"auto, (max-width: 842px) 100vw, 842px\" \/><\/figure>\n\n\n\n<h3 class=\"wp-block-heading\">\u00bfQu\u00e9 vamos a vivir?<\/h3>\n\n\n\n<p>A lo largo de los cuatro encuentros, junto a varias experiencias intermedias, vamos a acercarnos al itinerario personal del Fundador, la identidad lasaliana y sus valores\u2026 No solo para conocer una historia, sino para mucho m\u00e1s: para que nos sirva para repensar nuestro propio itinerario.<\/p>\n\n\n\n<h4 class=\"wp-block-heading\">1<sup>er<\/sup> encuentro: <strong>Comunidad<\/strong> (13-15 de septiembre de 2019)<\/h4>\n\n\n\n<p>La Salle fund\u00f3 escuelas, pero sobre todo <strong>comunidades: <\/strong>hombres y mujeres que, \u201cjuntos y por asociaci\u00f3n\u201d se dedican a la educaci\u00f3n de los que m\u00e1s lo necesitan\u2026 \u00bfY t\u00fa, con qui\u00e9n construyes fraternidad?<\/p>\n\n\n\n<h4 class=\"wp-block-heading\">2\u00ba encuentro: <strong>Fe<\/strong> (29 de noviembre-1 de diciembre de 2019)<\/h4>\n\n\n\n<p>La <strong>fe<\/strong> es para muchos un <em>rollo<\/em>, un <em>cuento chino\u2026 \u00bf<\/em>Y si, en realidad, se tratase de <strong>confiar<\/strong> y darnos cuenta <br>\nde que estamos en las manos de Alguien que nos quiere y nos espera?<\/p>\n\n\n\n<h4 class=\"wp-block-heading\">3<sup>er<\/sup> encuentro: <strong>Servicio<\/strong> (17-19 de abril de 2020)<\/h4>\n\n\n\n<p>Nada de esto tendr\u00eda sentido si no nos ponemos al <strong>servicio<\/strong> de los dem\u00e1s. \u00bfConocemos lo que se est\u00e1 <br>\nhaciendo en favor de los m\u00e1s necesitados en el Distrito? \u00bfC\u00f3mo vivo mi compromiso por la justicia?<\/p>\n\n\n\n<h4 class=\"wp-block-heading\">4\u00ba encuentro: <strong>Somos La Salle<\/strong> (18-20 de septiembre de 2020)<\/h4>\n\n\n\n<p>Tras todo un a\u00f1o de formaci\u00f3n lasaliana, \u00bfqu\u00e9 nos queda?, \u00bfqu\u00e9 quiero <strong>vivir<\/strong> en el futuro?<\/p>\n\n\n\n<h3 class=\"wp-block-heading\">\u00bfExperiencias?<\/h3>\n\n\n\n<p>El CELAS Juvenil no son solo 4 encuentros. Es un itinerario personal en el que, entre encuentro y encuentro, se te invitar\u00e1 a participar en una serie de experiencias (a trav\u00e9s del Proyecto Ser+), encuentros (en Navidad, en Pascua, en verano\u2026) y otras oportunidades con m\u00e1s lasalianos.<\/p>\n\n\n\n<p>Adem\u00e1s, en el verano de 2020 podr\u00e1s elegir una experiencia de mayor duraci\u00f3n en alguna comunidad u obra lasaliana, donde puedas vivir las cla-<br> ves de fe, servicio y comunidad.<\/p>\n\n\n\n<h3 class=\"wp-block-heading\">Un camino acompa\u00f1ado<\/h3>\n\n\n\n<p>Este itinerario no lo podemos vivir solos. Adem\u00e1s del grupo de todos <br>\nlos compa\u00f1eros del CELAS, elegir\u00e1s un\/a <strong>acompa\u00f1ante <\/strong>de tu zona <br>\nque te ayude a profundizar en lo que vas viviendo.<\/p>\n\n\n\n<p>Dispondr\u00e1s de un <strong>diario<\/strong> personal y de algunas <strong>lecturas<\/strong> que te har\u00e1n m\u00e1s<br>\nf\u00e1cil el camino.<\/p>\n\n\n\n<p>Es importante que recuerdes que la asistencia a todos los encuentros es <br> obligatoria: desde el viernes tarde hasta el domingo despu\u00e9s de comer.<\/p>\n\n\n\n<figure class=\"wp-block-image\"><img loading=\"lazy\" decoding=\"async\" width=\"842\" height=\"595\" src=\"https:\/\/www.sallejoven.es\/wp-content\/uploads\/2019\/06\/Folleto-CELAS-Juvenil-2019_P\u00e1gina_2.png\" alt=\"\" class=\"wp-image-2671\" srcset=\"https:\/\/www.sallejoven.es\/wp-content\/uploads\/2019\/06\/Folleto-CELAS-Juvenil-2019_P\u00e1gina_2.png 842w, https:\/\/www.sallejoven.es\/wp-content\/uploads\/2019\/06\/Folleto-CELAS-Juvenil-2019_P\u00e1gina_2-550x389.png 550w, https:\/\/www.sallejoven.es\/wp-content\/uploads\/2019\/06\/Folleto-CELAS-Juvenil-2019_P\u00e1gina_2-768x543.png 768w, https:\/\/www.sallejoven.es\/wp-content\/uploads\/2019\/06\/Folleto-CELAS-Juvenil-2019_P\u00e1gina_2-150x106.png 150w\" sizes=\"auto, (max-width: 842px) 100vw, 842px\" \/><\/figure>\n\n\n\n<h3 class=\"wp-block-heading\">Actividades<\/h3>\n\n\n\n<ul class=\"wp-block-list\"><li>Mesas redondas.<\/li><li>Ferias de experiencias.<\/li><li>Seminarios y talleres.<\/li><li>Actividades de interioridad.<\/li><li>Celebraciones y oraciones.<\/li><li>Godly Play.<\/li><li>Voluntariado.<\/li><li>Scape Room.<\/li><li>Veladas.<\/li><li><em>Y, en cada encuentro, mucho m\u00e1s<\/em><\/li><\/ul>\n\n\n\n<h3 class=\"wp-block-heading\">Participantes<\/h3>\n\n\n\n<ul class=\"wp-block-list\"><li>36 j\u00f3venes de todo el Distrito ARLEP.<\/li><\/ul>\n\n\n\n<h3 class=\"wp-block-heading\">Lugar<\/h3>\n\n\n\n<ul class=\"wp-block-list\"><li>La Salle Gri\u00f1\u00f3n<\/li><\/ul>\n\n\n\n<figure><iframe loading=\"lazy\" src=\"https:\/\/www.google.com\/maps\/embed?pb=!1m14!1m8!1m3!1d12187.47202084887!2d-3.855706!3d40.211999!3m2!1i1024!2i768!4f13.1!3m3!1m2!1s0x0%3A0x551f321bea75d823!2sColegio+La+Salle+Gri%C3%B1%C3%B3n!5e0!3m2!1ses!2ses!4v1559904683936!5m2!1ses!2ses\" width=\"600\" height=\"450\" frameborder=\"0\" style=\"border:0\" allowfullscreen=\"\"><\/iframe><\/figure>\n\n\n\n<h4 class=\"wp-block-heading\">M\u00e1s informaci\u00f3n<\/h4>\n\n\n\n<ul class=\"wp-block-list\"><li><a href=\"https:\/\/www.sallejoven.es\/?attachment_id=2672\">Desc\u00e1rgate el folleto completo.<\/a><\/li><li><a href=\"https:\/\/docs.google.com\/forms\/d\/e\/1FAIpQLSeV7p-2xy3ESZhcuHXQSmU8OqiSQTH-u-vMVTr_zjJ7VO0_rw\/viewform?usp=sf_link\">Formulario de inscripci\u00f3n.<\/a><\/li><\/ul>\n","protected":false},"excerpt":{"rendered":"<p>\u00bfCELAS? Todos nosotros nos hemos encontrado con San Juan Bautista de La Salle en alg\u00fan momento de nuestra vida y eso marca nuestra existencia y una forma de ser, de servir y de vivir. El CELAS Juvenil es un programa de formaci\u00f3n lasaliana dirigido a j\u00f3venes del Distrito ARLEP.&nbsp; En&#8230;<\/p>\n<p> <a class=\"continue-reading-link\" href=\"https:\/\/www.sallejoven.es\/?page_id=2669\"><span>Leer m\u00e1s<\/span><i class=\"crycon-right-dir\"><\/i><\/a> <\/p>\n","protected":false},"author":19,"featured_media":0,"parent":0,"menu_order":0,"comment_status":"closed","ping_status":"closed","template":"","meta":{"footnotes":""},"class_list":["post-2669","page","type-page","status-publish","hentry"],"_links":{"self":[{"href":"https:\/\/www.sallejoven.es\/index.php?rest_route=\/wp\/v2\/pages\/2669","targetHints":{"allow":["GET"]}}],"collection":[{"href":"https:\/\/www.sallejoven.es\/index.php?rest_route=\/wp\/v2\/pages"}],"about":[{"href":"https:\/\/www.sallejoven.es\/index.php?rest_route=\/wp\/v2\/types\/page"}],"author":[{"embeddable":true,"href":"https:\/\/www.sallejoven.es\/index.php?rest_route=\/wp\/v2\/users\/19"}],"replies":[{"embeddable":true,"href":"https:\/\/www.sallejoven.es\/index.php?rest_route=%2Fwp%2Fv2%2Fcomments&post=2669"}],"version-history":[{"count":1,"href":"https:\/\/www.sallejoven.es\/index.php?rest_route=\/wp\/v2\/pages\/2669\/revisions"}],"predecessor-version":[{"id":2673,"href":"https:\/\/www.sallejoven.es\/index.php?rest_route=\/wp\/v2\/pages\/2669\/revisions\/2673"}],"wp:attachment":[{"href":"https:\/\/www.sallejoven.es\/index.php?rest_route=%2Fwp%2Fv2%2Fmedia&parent=2669"}],"curies":[{"name":"wp","href":"https:\/\/api.w.org\/{rel}","templated":true}]}}