{"id":217,"date":"2014-03-09T10:23:51","date_gmt":"2014-03-09T10:23:51","guid":{"rendered":"https:\/\/www.sallejoven.es\/?page_id=217"},"modified":"2014-03-09T11:07:46","modified_gmt":"2014-03-09T11:07:46","slug":"ser-joven-lasaliano","status":"publish","type":"page","link":"https:\/\/www.sallejoven.es\/?page_id=217","title":{"rendered":"Ser joven Lasaliano"},"content":{"rendered":"<p><b>Perfil del Joven Lasaliano<img loading=\"lazy\" decoding=\"async\" class=\"size-full wp-image-225 alignright\" alt=\"Captura de pantalla 2014-03-09 a la(s) 12.05.09\" src=\"https:\/\/www.sallejoven.es\/wp-content\/uploads\/2014\/03\/Captura-de-pantalla-2014-03-09-a-las-12.05.09.png\" width=\"281\" height=\"234\" srcset=\"https:\/\/www.sallejoven.es\/wp-content\/uploads\/2014\/03\/Captura-de-pantalla-2014-03-09-a-las-12.05.09.png 281w, https:\/\/www.sallejoven.es\/wp-content\/uploads\/2014\/03\/Captura-de-pantalla-2014-03-09-a-las-12.05.09-180x150.png 180w, https:\/\/www.sallejoven.es\/wp-content\/uploads\/2014\/03\/Captura-de-pantalla-2014-03-09-a-las-12.05.09-150x124.png 150w\" sizes=\"auto, (max-width: 281px) 100vw, 281px\" \/><\/b><\/p>\n<p>Asociados para la Misi\u00f3n Educativa, los J\u00f3venes Lasalianos, procedentes de diversos horizontes y cualquiera que sea su vocaci\u00f3n, son llamados a ser protagonistas de un proyecto personal y comunitario, llen\u00e1ndose del carisma Lasaliano que se manifiesta en los lazos de <strong>Fe, Fraternidad y Servicio.\u00a0<\/strong><\/p>\n<p>Los J\u00f3venes Lasalianos se re\u00fanen en torno a un esp\u00edritu y a una misi\u00f3n com\u00fan. A trav\u00e9s de un proceso de descubrimiento, participaci\u00f3n e integraci\u00f3n, pasan por diversas etapas. Las caracter\u00edsticas son:<\/p>\n<p>1. Una vocaci\u00f3n a vivir de acuerdo al carisma de San Juan Bautista de La Salle y sus valores.<\/p>\n<p>2. Una vida de fe que descubre a Dios en la realidad, a la luz de la Escritura y, para las personas de otras religiones, seg\u00fan sus propios textos sagrados.<\/p>\n<p>3. Una experiencia comunitaria vivida de diferentes formas y acorde a la identidad de cada uno.<\/p>\n<p>4. Una misi\u00f3n que asocia en el servicio educativo de los pobres y que implica una cierta duraci\u00f3n.<\/p>\n<p>5. Una apertura universal que nos abre a dimensiones que superan lo personal y su realidad local.<\/p>\n<p>Los J\u00f3venes Lasalianos son enviados para compartir una misma misi\u00f3n con el conjunto de los Lasalianos del mundo, viven a su manera lo que el Fundador quiso y que junto con los Hermanos se siga viviendo: responder a las necesidades educativas y espirituales de los hijos de bajos recursos y de los pobres. Tres grandes campos (aunque no exclusivos) pueden resumir la expresi\u00f3n espec\u00edfica de esta Misi\u00f3n Lasaliana para los mismos J\u00f3venes Lasalianos:<\/p>\n<p>1. Mover los corazones de los ni\u00f1os a partir del conocimiento de sus derechos y de sus necesidades, buscando ser actores activos en el servicio educativo.<\/p>\n<p>2. Promover la justicia social a partir de un buen conocimiento de los retos sociales para poder encarar las injusticias.<\/p>\n<p>3. Vivir los valores Lasalianos a fin de ser signo visible del Amor de Dios, buscando, donde sea posible, ser actores en la pastoral y formaci\u00f3n de la fe de los j\u00f3venes, transmitiendo de manera aut\u00e9ntica estos valores a los dem\u00e1s.<\/p>\n<p>Unidos en el esp\u00edritu y en la misi\u00f3n, los J\u00f3venes Lasallistas manifiestan sin embargo una gran diversidad, tanto en el plano vocacional, cultural, religioso como en el profesional. As\u00ed se vive un profundo respeto entre los j\u00f3venes, ya sean seglares, Hermanas Lasalianos o Hermanos, cl\u00e9ricos, estudiantes o profesionales, cat\u00f3licos, de otra religi\u00f3n o sistema de creencia. En el seno del movimiento de los J\u00f3venes Lasalianos no se da cabida a ninguna discriminaci\u00f3n, sea sexista, racista, pol\u00edtica, ling\u00fc\u00edstica o cualquier otra forma en los movimientos de los J\u00f3venes Lasalianos alrededor del mundo. Generalmente se acepta como edad de los J\u00f3venes Lasalianos que oscila entre los 16 y 35 a\u00f1os.<\/p>\n<p>Siguiendo a Juan Bautista de La Salle, tambi\u00e9n \u00e9l innovador de su tiempo, los J\u00f3venes Lasalianos dan muestras de una gran creatividad para el mundo de hoy. Se comprometen en una multitud de proyectos de servicio, ya sea a favor de los pobres, de los ni\u00f1os y j\u00f3venes, de la educaci\u00f3n, del medio ambiente o de cualquier necesidad inspirada por la misi\u00f3n y el esp\u00edritu Lasalianos. Adem\u00e1s, act\u00faan tanto a nivel local, como nacional o internacional.<\/p>\n<p>Los J\u00f3venes Lasalianos son agentes constructores de un mundo de amor, que act\u00faan en asociaci\u00f3n con la Familia Lasaliana y en colaboraci\u00f3n con toda persona o grupo de buena voluntad.<\/p>\n","protected":false},"excerpt":{"rendered":"<p>Perfil del Joven Lasaliano Asociados para la Misi\u00f3n Educativa, los J\u00f3venes Lasalianos, procedentes de diversos horizontes y cualquiera que sea su vocaci\u00f3n, son llamados a ser protagonistas de un proyecto personal y comunitario, llen\u00e1ndose del carisma Lasaliano que se manifiesta en los lazos de Fe, Fraternidad y Servicio.\u00a0 Los J\u00f3venes&#8230;<\/p>\n<p> <a class=\"continue-reading-link\" href=\"https:\/\/www.sallejoven.es\/?page_id=217\"><span>Leer m\u00e1s<\/span><i class=\"crycon-right-dir\"><\/i><\/a> <\/p>\n","protected":false},"author":1,"featured_media":0,"parent":2,"menu_order":0,"comment_status":"open","ping_status":"open","template":"","meta":{"footnotes":""},"class_list":["post-217","page","type-page","status-publish","hentry"],"_links":{"self":[{"href":"https:\/\/www.sallejoven.es\/index.php?rest_route=\/wp\/v2\/pages\/217","targetHints":{"allow":["GET"]}}],"collection":[{"href":"https:\/\/www.sallejoven.es\/index.php?rest_route=\/wp\/v2\/pages"}],"about":[{"href":"https:\/\/www.sallejoven.es\/index.php?rest_route=\/wp\/v2\/types\/page"}],"author":[{"embeddable":true,"href":"https:\/\/www.sallejoven.es\/index.php?rest_route=\/wp\/v2\/users\/1"}],"replies":[{"embeddable":true,"href":"https:\/\/www.sallejoven.es\/index.php?rest_route=%2Fwp%2Fv2%2Fcomments&post=217"}],"version-history":[{"count":2,"href":"https:\/\/www.sallejoven.es\/index.php?rest_route=\/wp\/v2\/pages\/217\/revisions"}],"predecessor-version":[{"id":226,"href":"https:\/\/www.sallejoven.es\/index.php?rest_route=\/wp\/v2\/pages\/217\/revisions\/226"}],"up":[{"embeddable":true,"href":"https:\/\/www.sallejoven.es\/index.php?rest_route=\/wp\/v2\/pages\/2"}],"wp:attachment":[{"href":"https:\/\/www.sallejoven.es\/index.php?rest_route=%2Fwp%2Fv2%2Fmedia&parent=217"}],"curies":[{"name":"wp","href":"https:\/\/api.w.org\/{rel}","templated":true}]}}