{"id":2,"date":"2013-11-03T10:32:24","date_gmt":"2013-11-03T10:32:24","guid":{"rendered":"https:\/\/www.sallejoven.es\/?page_id=2"},"modified":"2014-03-07T12:28:49","modified_gmt":"2014-03-07T12:28:49","slug":"jovenes-lasalianos","status":"publish","type":"page","link":"https:\/\/www.sallejoven.es\/?page_id=2","title":{"rendered":"J\u00d3VENES LASALIANOS"},"content":{"rendered":"<p align=\"right\"><i><br \/>\n<img loading=\"lazy\" decoding=\"async\" class=\" wp-image-193 alignleft\" alt=\"LaSalle\" src=\"https:\/\/www.sallejoven.es\/wp-content\/uploads\/2014\/03\/LaSalle.jpg\" width=\"273\" height=\"173\" srcset=\"https:\/\/www.sallejoven.es\/wp-content\/uploads\/2014\/03\/LaSalle.jpg 318w, https:\/\/www.sallejoven.es\/wp-content\/uploads\/2014\/03\/LaSalle-237x150.jpg 237w, https:\/\/www.sallejoven.es\/wp-content\/uploads\/2014\/03\/LaSalle-150x94.jpg 150w\" sizes=\"auto, (max-width: 273px) 100vw, 273px\" \/>La esperanza es como la hermana menor de la fe y la caridad\u2026<br \/>\nparece que las mayores gu\u00edan a la peque\u00f1a,<br \/>\npero no es as\u00ed , m\u00e1s bien es la peque\u00f1a ,<br \/>\nla que gu\u00eda a las mayores.<\/i><\/p>\n<p align=\"right\">Charles P\u00e9guy<\/p>\n<p>&nbsp;<\/p>\n<p>&nbsp;<\/p>\n<p><b>El Movimiento Juvenil Lasaliano tiene como objetivo despertar la conciencia del itinerario vocacional, personal y comunitario, de los y las adolescentes y j\u00f3venes adultos involucrados en la Misi\u00f3n Educativa Lasaliana. Este movimiento nos compromete a<\/b><b>\u00a0<\/b><b>nivel personal, profesional y espiritual a ir m\u00e1s all\u00e1 de nuestras fronteras, para conseguir que nosotros, y aquellos a quienes acompa\u00f1amos\u00a0<i>tengan vida, y la tengan en abundancia.<br \/>\n<\/i>(Jn 10,10)<\/b><\/p>\n<h2><span style=\"color: #0000ff;\"><b>1. Nuestra visi\u00f3n y nuestra pasi\u00f3n<\/b><\/span><\/h2>\n<p>Como J\u00f3venes Lasalianos, estamos apasionados por:<\/p>\n<p>1.1 \u00a0 Hacer un mejor y mayor uso de la posibilidades, muchas veces latente de la Red Lasaliana global.<\/p>\n<p>1.2 \u00a0 Insistir en la necesidad de proporcionar a los j\u00f3venes las herramientas y el apoyo necesario para que integren hol\u00edsticamente sus experiencias de vida mediante un acompa\u00f1amiento eficaz, que les ayude a crecer a nivel profesional y personal.<\/p>\n<p>1.3 \u00a0 Ser activos en la Misi\u00f3n Educativa Lasaliana, especialmente a trav\u00e9s del servicio\u00a0<b><i>con<\/i><\/b>\u00a0los pobres.<\/p>\n<p>Todo esto nos anima a ser agentes de cambio en nuestro mundo, y nos desaf\u00eda a ser custodios de la vitalidad y la sostenibilidad de la Familia Lasaliana y de la Misi\u00f3n Educativa Lasaliana.<\/p>\n<h2><span style=\"color: #0000ff;\"><b>2. \u00a0 Nuestros compromisos<\/b><\/span><\/h2>\n<p>Por consiguiente, nos comprometemos a:<\/p>\n<p>2.1 \u00a0 Explorar y entender las realidades locales con el fin de responder a necesidades espec\u00edficas.<\/p>\n<p>2.2 \u00a0 Conectar a los J\u00f3venes Lasalianos entre s\u00ed a diferentes niveles: local, sectorial, distrital, regional e internacional.<\/p>\n<p>2.3 \u00a0 Invitar a los diferentes grupos de J\u00f3venes Lasalianos a iniciar una reflexi\u00f3n sobre el acompa\u00f1amiento.<\/p>\n<p>2.4 Crear redes entre las escuelas y obras lasalianas en temas tales como actividades de servicio, proyectos y programas de promoci\u00f3n de la justicia social.<\/p>\n<p>2.5\u00a0 Promover los valores de Fe, Servicio y Comunidad mediante experiencias de compromiso y contacto con la Misi\u00f3n Educativa Lasaliana mundial.<\/p>\n<h2><span style=\"color: #0000ff;\"><b>3. \u00a0 Nuestra voz<\/b><\/span><\/h2>\n<p>Aunque la Familia Lasaliana -y especialmente nosotros-\u00a0 es consciente del privilegiado rol que juegan los y las j\u00f3venes en la evangelizaci\u00f3n de otros j\u00f3venes, existe una falta de reconocimiento y representaci\u00f3n de los J\u00f3venes Lasalianos en las estructuras de la Misi\u00f3n y del Instituto. Deseamos asegurar que nuestra participaci\u00f3n en la Misi\u00f3n Educativa sea efectiva y que la voz de los J\u00f3venes Lasalianos sea escuchada.<\/p>\n<p><b>Por lo tanto, en lugar de existir tan solo estructuras paralelas para los J\u00f3venes Lasalianos en los diferentes niveles del Instituto, llamamos a una tener representaci\u00f3n en las estructuras existentes, de tal modo que nuestras esperanzas y sue\u00f1os encuentren plena expresi\u00f3n en la Familia Lasaliana.<\/b><\/p>\n<p>Por lo tanto,\u00a0<b>tambi\u00e9n<\/b>\u00a0<b>pedimos<\/b>:<\/p>\n<p>3.1 \u00a0 Que se designen J\u00f3venes Lasalianos en cada una de las escuelas y obras, para conectar con los Animadores de Pastoral y Directores Vocacionales.<\/p>\n<p>3.2 \u00a0 Que los grupos de J\u00f3venes Lasalianos y los recursos que ya existen o se vayan a\u00a0 crear, est\u00e9n interconectados con los grupos, estructuras y recursos ya existentes, para fortalecernos y apoyarnos unos a otros.<\/p>\n<p>3.3\u00a0\u00a0 Que se d\u00e9 continuidad o se creen Consejos de J\u00f3venes Lasalianos all\u00ed donde no existan, ya sea a nivel de local, de Sector, Distrito, Regi\u00f3n o de Instituto.<\/p>\n<h2><span style=\"color: #0000ff;\"><b>Conclusi\u00f3n<\/b><\/span><\/h2>\n<p>Aceptamos el desaf\u00edo planteado por el Hno. \u00c1lvaro a ser la Generaci\u00f3n \u201cE\u201d -la Generaci\u00f3n de la Esperanza<a title=\"\" href=\"http:\/\/www.lasalle.org\/2014\/03\/jovenes-lasalianos-nuestro-mensaje-al-instituto-y-a-la-familia-lasallista\/#_ftn1\">[1]<\/a>.\u00a0 Nos comprometemos a construir juntos un mundo que sea m\u00e1s habitable, m\u00e1s humano y m\u00e1s fraterno. Lo hacemos conscientes de que somos el futuro y que el futuro es ahora<a title=\"\" href=\"http:\/\/www.lasalle.org\/2014\/03\/jovenes-lasalianos-nuestro-mensaje-al-instituto-y-a-la-familia-lasallista\/#_ftn2\">[2]<\/a>. Con la ayuda de quienes han caminado a trav\u00e9s de la noche<a title=\"\" href=\"http:\/\/www.lasalle.org\/2014\/03\/jovenes-lasalianos-nuestro-mensaje-al-instituto-y-a-la-familia-lasallista\/#_ftn3\">[3]<\/a>\u00a0antes de nosotros, podemos responder con autenticidad a la llamada de Dios a nuestras vidas. Que el Esp\u00edritu contin\u00fae abriendo nuestros ojos de manera m\u00e1s amplia, para que podamos mover los corazones de manera m\u00e1s profunda y para que nuestro trabajo sea realizado con gran celo.<\/p>\n<p>Finalmente, esperamos que el Esp\u00edritu, tal como expres\u00f3 el Fundador nos ayude a \u201cno estar preocupados por el presente o inquietos por el futuro, sino a prestar atenci\u00f3n al momento que estamos viviendo\u201d. Que podamos seguir avanzando, sabiendo que Dios, \u201cque gu\u00eda todas las cosas con sabidur\u00eda y suavidad, y no suele forzar la voluntad de las personas\u201d<a title=\"\" href=\"http:\/\/www.lasalle.org\/2014\/03\/jovenes-lasalianos-nuestro-mensaje-al-instituto-y-a-la-familia-lasallista\/#_ftn4\">[4]<\/a>, desea que \u201cahora\u201d nos comprometamos a realizar este trabajo.<\/p>\n","protected":false},"excerpt":{"rendered":"<p>La esperanza es como la hermana menor de la fe y la caridad\u2026 parece que las mayores gu\u00edan a la peque\u00f1a, pero no es as\u00ed , m\u00e1s bien es la peque\u00f1a , la que gu\u00eda a las mayores. Charles P\u00e9guy &nbsp; &nbsp; El Movimiento Juvenil Lasaliano tiene como objetivo despertar&#8230;<\/p>\n<p> <a class=\"continue-reading-link\" href=\"https:\/\/www.sallejoven.es\/?page_id=2\"><span>Leer m\u00e1s<\/span><i class=\"crycon-right-dir\"><\/i><\/a> <\/p>\n","protected":false},"author":1,"featured_media":0,"parent":0,"menu_order":0,"comment_status":"open","ping_status":"open","template":"","meta":{"footnotes":""},"class_list":["post-2","page","type-page","status-publish","hentry"],"_links":{"self":[{"href":"https:\/\/www.sallejoven.es\/index.php?rest_route=\/wp\/v2\/pages\/2","targetHints":{"allow":["GET"]}}],"collection":[{"href":"https:\/\/www.sallejoven.es\/index.php?rest_route=\/wp\/v2\/pages"}],"about":[{"href":"https:\/\/www.sallejoven.es\/index.php?rest_route=\/wp\/v2\/types\/page"}],"author":[{"embeddable":true,"href":"https:\/\/www.sallejoven.es\/index.php?rest_route=\/wp\/v2\/users\/1"}],"replies":[{"embeddable":true,"href":"https:\/\/www.sallejoven.es\/index.php?rest_route=%2Fwp%2Fv2%2Fcomments&post=2"}],"version-history":[{"count":14,"href":"https:\/\/www.sallejoven.es\/index.php?rest_route=\/wp\/v2\/pages\/2\/revisions"}],"predecessor-version":[{"id":204,"href":"https:\/\/www.sallejoven.es\/index.php?rest_route=\/wp\/v2\/pages\/2\/revisions\/204"}],"wp:attachment":[{"href":"https:\/\/www.sallejoven.es\/index.php?rest_route=%2Fwp%2Fv2%2Fmedia&parent=2"}],"curies":[{"name":"wp","href":"https:\/\/api.w.org\/{rel}","templated":true}]}}