{"id":11473,"date":"2022-06-24T10:41:24","date_gmt":"2022-06-24T10:41:24","guid":{"rendered":"https:\/\/www.sallejoven.es\/?page_id=11473"},"modified":"2022-12-20T11:19:06","modified_gmt":"2022-12-20T11:19:06","slug":"encuentro-indivisa-jmj-2023","status":"publish","type":"page","link":"https:\/\/www.sallejoven.es\/?page_id=11473","title":{"rendered":"Encuentro Indivisa &#8211; JMJ 2023"},"content":{"rendered":"\n<p><\/p>\n\n\n\n<p><\/p>\n\n\n<div class=\"wp-block-image\">\n<figure class=\"aligncenter size-large\"><img loading=\"lazy\" decoding=\"async\" width=\"731\" height=\"1024\" src=\"https:\/\/www.sallejoven.es\/wp-content\/uploads\/2022\/09\/Poster-Indivisa-JMJ-2023_red-731x1024.png\" alt=\"\" class=\"wp-image-13262\" srcset=\"https:\/\/www.sallejoven.es\/wp-content\/uploads\/2022\/09\/Poster-Indivisa-JMJ-2023_red-731x1024.png 731w, https:\/\/www.sallejoven.es\/wp-content\/uploads\/2022\/09\/Poster-Indivisa-JMJ-2023_red-357x500.png 357w, https:\/\/www.sallejoven.es\/wp-content\/uploads\/2022\/09\/Poster-Indivisa-JMJ-2023_red-768x1075.png 768w, https:\/\/www.sallejoven.es\/wp-content\/uploads\/2022\/09\/Poster-Indivisa-JMJ-2023_red-1097x1536.png 1097w, https:\/\/www.sallejoven.es\/wp-content\/uploads\/2022\/09\/Poster-Indivisa-JMJ-2023_red-1463x2048.png 1463w, https:\/\/www.sallejoven.es\/wp-content\/uploads\/2022\/09\/Poster-Indivisa-JMJ-2023_red-107x150.png 107w, https:\/\/www.sallejoven.es\/wp-content\/uploads\/2022\/09\/Poster-Indivisa-JMJ-2023_red.png 1890w\" sizes=\"auto, (max-width: 731px) 100vw, 731px\" \/><\/figure>\n<\/div>\n\n\n<p><\/p>\n\n\n\n<div class=\"wp-block-buttons has-custom-font-size has-medium-font-size is-content-justification-center is-layout-flex wp-container-core-buttons-is-layout-16018d1d wp-block-buttons-is-layout-flex\">\n<div class=\"wp-block-button has-custom-font-size has-x-large-font-size\"><a class=\"wp-block-button__link has-white-color has-vivid-purple-background-color has-text-color has-background wp-element-button\" href=\"https:\/\/bit.ly\/JMJLASALLE23\" target=\"_blank\" rel=\"noreferrer noopener\"><strong>Inscr\u00edbete aqu\u00ed<\/strong><\/a><\/div>\n<\/div>\n\n\n\n<h2 class=\"wp-block-heading\">\u00bfQu\u00e9 es?<\/h2>\n\n\n\n<p>En el mes de agosto de 2023 se celebran unas nuevas <a href=\"https:\/\/lisboa2023.org\/pt\/\" target=\"_blank\" rel=\"noreferrer noopener\">Jornadas Mundiales de la Juventud<\/a> (JMJ), en Lisboa (Portugal). Como en ocasiones anteriores, j\u00f3venes lasalianos de todo el mundo se reunir\u00e1n para encontrarse con el Papa y los dem\u00e1s participantes en las JMJ. Se estima una participaci\u00f3n total de m\u00e1s de un\u00a0<strong>mill\u00f3n y medio de j\u00f3venes.<\/strong><\/p>\n\n\n\n<p>Desde SalleJoven del Distrito Arlep se organiza un encuentro para j\u00f3venes a partir de edad universitaria en torno a las JMJ, llamado \u201cIndivisa\u201d, que tambi\u00e9n incluye un d\u00eda de encuentro mundial de j\u00f3venes lasalianos, en el que se estima participen m\u00e1s de&nbsp;<strong>500 lasalianos\/as<\/strong>, entre los que estar\u00e1 el Hno. Armin Luistro, Superior General.<\/p>\n\n\n\n<p>El encuentro se celebrar\u00e1 del&nbsp;<strong>30 de julio al 6 de agosto de 2023<\/strong>, en la propia Lisboa.<\/p>\n\n\n\n<h2 class=\"wp-block-heading\">\u00bfQui\u00e9nes pueden participar?<\/h2>\n\n\n\n<ul class=\"wp-block-list\">\n<li><em>Desde Espa\u00f1a<\/em>: podr\u00e1n participar j\u00f3venes lasalianos a partir de 1\u00ba de universidad (nacidos en 2004 o antes, siempre&nbsp;<strong>mayores de edad<\/strong>) vinculados a grupos de SalleJoven, profesores, animadores, educadores, Asociados y Hermanos.<\/li>\n\n\n\n<li><em>Desde Portugal<\/em>: a trav\u00e9s de la Pastoral de La Salle Barcelos, con grupos a partir de und\u00e9cimo. Participar\u00e1n en los \u201cd\u00edas en las di\u00f3cesis\u201d de Braga.<\/li>\n<\/ul>\n\n\n\n<p>Los participantes estar\u00e1n divididos en diversos grupos seg\u00fan la edad y origen para trazar su propio itinerario de participaci\u00f3n en las JMJ y en los eventos lasalianos.<\/p>\n\n\n\n<p>Participar\u00e1n en el encuentro lasaliano j\u00f3venes de M\u00e9xico, Francia, Italia, Argentina, Brasil, Estados Unidos, Colombia, Filipinas, Reino Unido, Kenia, L\u00edbano, Espa\u00f1a y Portugal.<\/p>\n\n\n\n<h2 class=\"wp-block-heading\">\u00bfCu\u00e1nto cuesta?<\/h2>\n\n\n\n<p>El precio final de la actividad es de <strong>450 \u20ac por participante<\/strong>. En esta cantidad se incluye:<\/p>\n\n\n\n<ul class=\"wp-block-list\">\n<li>Alojamiento en las instalaciones proporcionadas por las JMJ.<\/li>\n\n\n\n<li>Paquete completo de <a href=\"https:\/\/www.lisboa2023.org\/pt\/participar\/peregrinos\" target=\"_blank\" rel=\"noreferrer noopener\">peregrino<\/a> <a rel=\"noreferrer noopener\" href=\"https:\/\/www.lisboa2023.org\/pt\/participar\/pacotes-peregrino\" target=\"_blank\">JMJ A1+<\/a>.<\/li>\n\n\n\n<li>Desayuno, comidas y cenas de todos los d\u00edas de encuentro (en diversos lugares de la ciudad).<\/li>\n\n\n\n<li>Viaje en autob\u00fas desde tu lugar de residencia seg\u00fan las rutas que se explican m\u00e1s abajo y viaje de vuelta.<\/li>\n\n\n\n<li>Kit del peregrino: mochila, camiseta, botella&#8230;<\/li>\n\n\n\n<li>Kit Lasaliano: libreta, camiseta exclusiva&#8230;<\/li>\n\n\n\n<li>Inscripci\u00f3n en el encuentro mundial de J\u00f3venes Lasalianos con el Hermano Superior General (1 de agosto).<\/li>\n\n\n\n<li>Visita Lasaliana a F\u00e1tima (31 de julio).<\/li>\n\n\n\n<li>Acceso a todas las <a href=\"https:\/\/www.lisboa2023.org\/pt\/participar\/eventos-centrais\" target=\"_blank\" rel=\"noreferrer noopener\">actividades y eventos<\/a> de las JMJ (Festival de la Juventud, celebraciones&#8230;).<\/li>\n\n\n\n<li>Tickets de transporte interno en Lisboa.<\/li>\n\n\n\n<li>Informaci\u00f3n y gesti\u00f3n a trav\u00e9s de la <a href=\"http:\/\/onelink.to\/d9py4s\" target=\"_blank\" rel=\"noreferrer noopener\">app SalleJoven<\/a>.<\/li>\n\n\n\n<li>Seguro.<\/li>\n<\/ul>\n\n\n\n<h2 class=\"wp-block-heading\">\u00bfQu\u00e9 rutas de viaje hay?<\/h2>\n\n\n\n<p>Se han previsto siete rutas de viaje para llegar a Lisboa, que se ajustar\u00e1n al n\u00famero de participantes que suban al autob\u00fas en cada lugar. En la preinscripci\u00f3n podr\u00e1s escoger cu\u00e1l es tu ruta:<\/p>\n\n\n\n<ul class=\"wp-block-list\">\n<li>Ruta A: Desde Madrid.<\/li>\n\n\n\n<li>Ruta B: Desde Barcelos (Portugal).<\/li>\n\n\n\n<li>Ruta C: Desde Burgos, Palencia, Valladolid.<\/li>\n\n\n\n<li>Ruta D: Desde Jerez de la Frontera, Sevilla, C\u00f3rdoba.<\/li>\n\n\n\n<li>Ruta E: desde San Sebasti\u00e1n, Bilbao, Santander, Gij\u00f3n, Santiago de Compostela.<\/li>\n\n\n\n<li>Ruta F: Desde Valencia.<\/li>\n\n\n\n<li>Ruta G: Desde Barcelona, Zaragoza.<\/li>\n<\/ul>\n\n\n\n<h2 class=\"wp-block-heading\">\u00bfC\u00f3mo nos apuntamos?<\/h2>\n\n\n\n<p>Accede al formulario de preinscripci\u00f3n desde el bot\u00f3n al final de esta p\u00e1gina y completa tus datos. Hay dos modalidades de pago: puedes elegir la que es mejor para ti.<\/p>\n\n\n\n<p>Recibir\u00e1s las instrucciones de pago inmediatamente despu\u00e9s de realizada la preinscripci\u00f3n. Se puede pagar por transferencia bancaria, Bizum o PayPal.<\/p>\n\n\n\n<figure class=\"wp-block-image size-large\"><img loading=\"lazy\" decoding=\"async\" width=\"1024\" height=\"512\" src=\"https:\/\/www.sallejoven.es\/wp-content\/uploads\/2022\/12\/Modalidades-de-pago-1024x512.png\" alt=\"\" class=\"wp-image-13330\" srcset=\"https:\/\/www.sallejoven.es\/wp-content\/uploads\/2022\/12\/Modalidades-de-pago-1024x512.png 1024w, https:\/\/www.sallejoven.es\/wp-content\/uploads\/2022\/12\/Modalidades-de-pago-550x275.png 550w, https:\/\/www.sallejoven.es\/wp-content\/uploads\/2022\/12\/Modalidades-de-pago-768x384.png 768w, https:\/\/www.sallejoven.es\/wp-content\/uploads\/2022\/12\/Modalidades-de-pago-1536x768.png 1536w, https:\/\/www.sallejoven.es\/wp-content\/uploads\/2022\/12\/Modalidades-de-pago-2048x1024.png 2048w, https:\/\/www.sallejoven.es\/wp-content\/uploads\/2022\/12\/Modalidades-de-pago-150x75.png 150w\" sizes=\"auto, (max-width: 1024px) 100vw, 1024px\" \/><\/figure>\n\n\n\n<h2 class=\"wp-block-heading\">\u00bfCu\u00e1ndo nos apuntamos?<\/h2>\n\n\n\n<p>El encuentro tiene un tope de 300 participantes. La inscripci\u00f3n&nbsp;<strong>entre el 20 de diciembre de 2022 y el 3 de marzo de 2023<\/strong>. <\/p>\n\n\n\n<p>Las plazas se asignar\u00e1n por orden de inscripci\u00f3n, una vez completado el pago de la preinscripci\u00f3n.<\/p>\n\n\n\n<p>No podr\u00e1n admitirse inscripciones una vez terminado el plazo.<\/p>\n\n\n\n<div class=\"wp-block-buttons has-custom-font-size has-medium-font-size is-content-justification-center is-layout-flex wp-container-core-buttons-is-layout-16018d1d wp-block-buttons-is-layout-flex\">\n<div class=\"wp-block-button has-custom-font-size has-x-large-font-size\"><a class=\"wp-block-button__link has-white-color has-vivid-purple-background-color has-text-color has-background wp-element-button\" href=\"https:\/\/bit.ly\/JMJLASALLE23\" target=\"_blank\" rel=\"noreferrer noopener\"><strong>Inscr\u00edbete aqu\u00ed<\/strong><\/a><\/div>\n<\/div>\n\n\n\n<p><\/p>\n\n\n\n<p><em>Toda la informaci\u00f3n estar\u00e1 disponible en\u00a0<a href=\"https:\/\/www.sallejoven.es\/?page_id=11473\">https:\/\/www.sallejoven.es\/?page_id=11473<\/a>\u00a0<br>y a trav\u00e9s de las delegaciones de pastoral de los centros.<\/em><\/p>\n\n\n\n<p>Descarga aqu\u00ed el <a href=\"https:\/\/www.sallejoven.es\/wp-content\/uploads\/2022\/12\/Folleto-Indivisa-JMJ-2023.pdf\" target=\"_blank\" rel=\"noreferrer noopener\">folleto con toda la informaci\u00f3n para imprimir<\/a>.<\/p>\n\n\n\n<div class=\"wp-block-columns is-layout-flex wp-container-core-columns-is-layout-9d6595d7 wp-block-columns-is-layout-flex\">\n<div class=\"wp-block-column is-layout-flow wp-block-column-is-layout-flow\"><div class=\"wp-block-image\">\n<figure class=\"aligncenter size-large\"><img loading=\"lazy\" decoding=\"async\" width=\"1024\" height=\"646\" src=\"https:\/\/www.sallejoven.es\/wp-content\/uploads\/2022\/12\/CAS_SalleJoven_General_Color-1024x646.png\" alt=\"\" class=\"wp-image-13339\" srcset=\"https:\/\/www.sallejoven.es\/wp-content\/uploads\/2022\/12\/CAS_SalleJoven_General_Color-1024x646.png 1024w, https:\/\/www.sallejoven.es\/wp-content\/uploads\/2022\/12\/CAS_SalleJoven_General_Color-550x347.png 550w, https:\/\/www.sallejoven.es\/wp-content\/uploads\/2022\/12\/CAS_SalleJoven_General_Color-768x485.png 768w, https:\/\/www.sallejoven.es\/wp-content\/uploads\/2022\/12\/CAS_SalleJoven_General_Color-1536x970.png 1536w, https:\/\/www.sallejoven.es\/wp-content\/uploads\/2022\/12\/CAS_SalleJoven_General_Color-2048x1293.png 2048w, https:\/\/www.sallejoven.es\/wp-content\/uploads\/2022\/12\/CAS_SalleJoven_General_Color-150x95.png 150w\" sizes=\"auto, (max-width: 1024px) 100vw, 1024px\" \/><\/figure>\n<\/div><\/div>\n\n\n\n<div class=\"wp-block-column is-layout-flow wp-block-column-is-layout-flow\"><div class=\"wp-block-image\">\n<figure class=\"aligncenter size-large is-resized\"><img loading=\"lazy\" decoding=\"async\" src=\"https:\/\/www.sallejoven.es\/wp-content\/uploads\/2022\/12\/Young-Lasallians-RELEM-987x1024.jpg\" alt=\"\" class=\"wp-image-13337\" width=\"181\" height=\"187\" srcset=\"https:\/\/www.sallejoven.es\/wp-content\/uploads\/2022\/12\/Young-Lasallians-RELEM-987x1024.jpg 987w, https:\/\/www.sallejoven.es\/wp-content\/uploads\/2022\/12\/Young-Lasallians-RELEM-482x500.jpg 482w, https:\/\/www.sallejoven.es\/wp-content\/uploads\/2022\/12\/Young-Lasallians-RELEM-768x797.jpg 768w, https:\/\/www.sallejoven.es\/wp-content\/uploads\/2022\/12\/Young-Lasallians-RELEM-1480x1536.jpg 1480w, https:\/\/www.sallejoven.es\/wp-content\/uploads\/2022\/12\/Young-Lasallians-RELEM-145x150.jpg 145w, https:\/\/www.sallejoven.es\/wp-content\/uploads\/2022\/12\/Young-Lasallians-RELEM.jpg 1973w\" sizes=\"auto, (max-width: 181px) 100vw, 181px\" \/><\/figure>\n<\/div><\/div>\n\n\n\n<div class=\"wp-block-column is-layout-flow wp-block-column-is-layout-flow\"><div class=\"wp-block-image\">\n<figure class=\"aligncenter size-full\"><img loading=\"lazy\" decoding=\"async\" width=\"300\" height=\"144\" src=\"https:\/\/www.sallejoven.es\/wp-content\/uploads\/2022\/12\/Young-lasallians-blue-300x144-1.png\" alt=\"\" class=\"wp-image-13338\" srcset=\"https:\/\/www.sallejoven.es\/wp-content\/uploads\/2022\/12\/Young-lasallians-blue-300x144-1.png 300w, https:\/\/www.sallejoven.es\/wp-content\/uploads\/2022\/12\/Young-lasallians-blue-300x144-1-150x72.png 150w\" sizes=\"auto, (max-width: 300px) 100vw, 300px\" \/><\/figure>\n<\/div><\/div>\n<\/div>\n","protected":false},"excerpt":{"rendered":"<p>\u00bfQu\u00e9 es? En el mes de agosto de 2023 se celebran unas nuevas Jornadas Mundiales de la Juventud (JMJ), en Lisboa (Portugal). Como en ocasiones anteriores, j\u00f3venes lasalianos de todo el mundo se reunir\u00e1n para encontrarse con el Papa y los dem\u00e1s participantes en las JMJ. Se estima una participaci\u00f3n&#8230;<\/p>\n<p> <a class=\"continue-reading-link\" href=\"https:\/\/www.sallejoven.es\/?page_id=11473\"><span>Leer m\u00e1s<\/span><i class=\"crycon-right-dir\"><\/i><\/a> <\/p>\n","protected":false},"author":19,"featured_media":13262,"parent":0,"menu_order":0,"comment_status":"closed","ping_status":"closed","template":"","meta":{"footnotes":""},"class_list":["post-11473","page","type-page","status-publish","has-post-thumbnail","hentry"],"_links":{"self":[{"href":"https:\/\/www.sallejoven.es\/index.php?rest_route=\/wp\/v2\/pages\/11473","targetHints":{"allow":["GET"]}}],"collection":[{"href":"https:\/\/www.sallejoven.es\/index.php?rest_route=\/wp\/v2\/pages"}],"about":[{"href":"https:\/\/www.sallejoven.es\/index.php?rest_route=\/wp\/v2\/types\/page"}],"author":[{"embeddable":true,"href":"https:\/\/www.sallejoven.es\/index.php?rest_route=\/wp\/v2\/users\/19"}],"replies":[{"embeddable":true,"href":"https:\/\/www.sallejoven.es\/index.php?rest_route=%2Fwp%2Fv2%2Fcomments&post=11473"}],"version-history":[{"count":11,"href":"https:\/\/www.sallejoven.es\/index.php?rest_route=\/wp\/v2\/pages\/11473\/revisions"}],"predecessor-version":[{"id":13347,"href":"https:\/\/www.sallejoven.es\/index.php?rest_route=\/wp\/v2\/pages\/11473\/revisions\/13347"}],"wp:featuredmedia":[{"embeddable":true,"href":"https:\/\/www.sallejoven.es\/index.php?rest_route=\/wp\/v2\/media\/13262"}],"wp:attachment":[{"href":"https:\/\/www.sallejoven.es\/index.php?rest_route=%2Fwp%2Fv2%2Fmedia&parent=11473"}],"curies":[{"name":"wp","href":"https:\/\/api.w.org\/{rel}","templated":true}]}}