{"id":109,"date":"2013-11-24T13:18:41","date_gmt":"2013-11-24T13:18:41","guid":{"rendered":"https:\/\/www.sallejoven.es\/?page_id=109"},"modified":"2017-04-23T10:47:34","modified_gmt":"2017-04-23T10:47:34","slug":"madrid","status":"publish","type":"page","link":"https:\/\/www.sallejoven.es\/?page_id=109","title":{"rendered":"Madrid"},"content":{"rendered":"<p>Encuentro del CELAS juvenil en Gri\u00f1\u00f3n. El sector Madrid participa con doce integrantes. La Subcomisi\u00f3n de J\u00f3venes Lasalianos toma ideas de esta promoci\u00f3n.<\/p>\n<p>cid:FFDBC5A8-00A2-474A-B966-D00AA7A40D9C<\/p>\n","protected":false},"excerpt":{"rendered":"<p>Encuentro del CELAS juvenil en Gri\u00f1\u00f3n. El sector Madrid participa con doce integrantes. La Subcomisi\u00f3n de J\u00f3venes Lasalianos toma ideas de esta promoci\u00f3n. cid:FFDBC5A8-00A2-474A-B966-D00AA7A40D9C<\/p>\n<p> <a class=\"continue-reading-link\" href=\"https:\/\/www.sallejoven.es\/?page_id=109\"><span>Leer m\u00e1s<\/span><i class=\"crycon-right-dir\"><\/i><\/a> <\/p>\n","protected":false},"author":1,"featured_media":0,"parent":0,"menu_order":0,"comment_status":"open","ping_status":"open","template":"","meta":{"footnotes":""},"class_list":["post-109","page","type-page","status-publish","hentry"],"_links":{"self":[{"href":"https:\/\/www.sallejoven.es\/index.php?rest_route=\/wp\/v2\/pages\/109","targetHints":{"allow":["GET"]}}],"collection":[{"href":"https:\/\/www.sallejoven.es\/index.php?rest_route=\/wp\/v2\/pages"}],"about":[{"href":"https:\/\/www.sallejoven.es\/index.php?rest_route=\/wp\/v2\/types\/page"}],"author":[{"embeddable":true,"href":"https:\/\/www.sallejoven.es\/index.php?rest_route=\/wp\/v2\/users\/1"}],"replies":[{"embeddable":true,"href":"https:\/\/www.sallejoven.es\/index.php?rest_route=%2Fwp%2Fv2%2Fcomments&post=109"}],"version-history":[{"count":3,"href":"https:\/\/www.sallejoven.es\/index.php?rest_route=\/wp\/v2\/pages\/109\/revisions"}],"predecessor-version":[{"id":397,"href":"https:\/\/www.sallejoven.es\/index.php?rest_route=\/wp\/v2\/pages\/109\/revisions\/397"}],"wp:attachment":[{"href":"https:\/\/www.sallejoven.es\/index.php?rest_route=%2Fwp%2Fv2%2Fmedia&parent=109"}],"curies":[{"name":"wp","href":"https:\/\/api.w.org\/{rel}","templated":true}]}}