{"id":105,"date":"2013-11-24T13:18:07","date_gmt":"2013-11-24T13:18:07","guid":{"rendered":"https:\/\/www.sallejoven.es\/?page_id=105"},"modified":"2016-02-28T10:39:56","modified_gmt":"2016-02-28T10:39:56","slug":"bilbao","status":"publish","type":"page","link":"https:\/\/www.sallejoven.es\/?page_id=105","title":{"rendered":"Bilbao"},"content":{"rendered":"<p dir=\"ltr\">La obra educativa lasaliana es una \u201cescuela a tiempo completo\u201d. Va m\u00e1s all\u00e1 de los meros horarios lectivos. En las obras educativas del sector Bilbao, esta realidad se ha hecho concreci\u00f3n a trav\u00e9s de diferentes iniciativas: grupos de Tiempo Libre \u00abIZARTXO\u00bb, grupos \u00abTandanacui\u00bb, grupos Scouts, grupos de Gente Peque\u00f1a, campos de trabajo, rutas solidarias, colonias de verano, campamentos,\u2026 Estas realidades utilizan el TIEMPO LIBRE como una plataforma educativa, como un tiempo significativo de educar.\u00a0Damos especial importancia a la educaci\u00f3n en el Tiempo Libre. Entendemos que el hecho educativo trasciende las cuatro paredes y que el Tiempo Libre es una seria oportunidad para educar integralmente al alumno.<img loading=\"lazy\" decoding=\"async\" class=\"size-medium wp-image-329 alignright\" src=\"https:\/\/www.sallejoven.es\/wp-content\/uploads\/2013\/11\/izartxo-logo-550x258.jpg\" alt=\"izartxo-logo\" width=\"550\" height=\"258\" srcset=\"https:\/\/www.sallejoven.es\/wp-content\/uploads\/2013\/11\/izartxo-logo-550x258.jpg 550w, https:\/\/www.sallejoven.es\/wp-content\/uploads\/2013\/11\/izartxo-logo-768x360.jpg 768w, https:\/\/www.sallejoven.es\/wp-content\/uploads\/2013\/11\/izartxo-logo-250x117.jpg 250w, https:\/\/www.sallejoven.es\/wp-content\/uploads\/2013\/11\/izartxo-logo-150x70.jpg 150w, https:\/\/www.sallejoven.es\/wp-content\/uploads\/2013\/11\/izartxo-logo.jpg 897w\" sizes=\"auto, (max-width: 550px) 100vw, 550px\" \/><\/p>\n<p dir=\"ltr\">\nEl proyecto de Tiempo Libre se encuadra en un marco de valores definido: la responsabilidad, la superaci\u00f3n personal, la creatividad, la justicia, la convivencia y fraternidad, la interioridad y la trascendencia. Estos valores se educan desde las acciones propias del Tiempo Libre: la reflexi\u00f3n, los juegos, las actividades, los encuentros, las convivencias, las visitas\u2026<\/p>\n<div dir=\"ltr\">\n<p>GRUPOS y PROYECTOS que se llevan adelante en los centros, que forman parte de la pastoral juvenil del sector Bilbao:<\/p>\n<div><b>1. Izartxo-Ludoteca (Izartxo-Ludoteka)<\/b><\/div>\n<div><b>2. Izartxo-Primaria (Izartxo-LH)<\/b><\/div>\n<div><b>3. Izartxo-Secundaria (Izartxo-DBH)<\/b><\/div>\n<div><b>4. Grupo de monitores (Begirale Taldea)<\/b><\/div>\n<div><b>5. Escuela de monitores de TL (Aisialdi Begirale ikastaroa)<\/b><\/div>\n<div><b>6. Tandanacui.<\/b><\/div>\n<div><b>7. Gente Peque\u00f1a (Jende Xumea).<\/b><\/div>\n<div><b>8. Colonias de verano (Udalekuak).<\/b><\/div>\n<div><b>9. Campamentos de verano (Kanpalekuak).<\/b><\/div>\n<div><b>10. Campos de trabajo (Udako lanaldiak).<\/b><\/div>\n<div><b>11. Rutas solidarias (Ibilbide solidarioak).<\/b><\/div>\n<\/div>\n","protected":false},"excerpt":{"rendered":"<p>La obra educativa lasaliana es una \u201cescuela a tiempo completo\u201d. Va m\u00e1s all\u00e1 de los meros horarios lectivos. En las obras educativas del sector Bilbao, esta realidad se ha hecho concreci\u00f3n a trav\u00e9s de diferentes iniciativas: grupos de Tiempo Libre \u00abIZARTXO\u00bb, grupos \u00abTandanacui\u00bb, grupos Scouts, grupos de Gente Peque\u00f1a, campos&#8230;<\/p>\n<p> <a class=\"continue-reading-link\" href=\"https:\/\/www.sallejoven.es\/?page_id=105\"><span>Leer m\u00e1s<\/span><i class=\"crycon-right-dir\"><\/i><\/a> <\/p>\n","protected":false},"author":1,"featured_media":0,"parent":0,"menu_order":0,"comment_status":"open","ping_status":"open","template":"","meta":{"footnotes":""},"class_list":["post-105","page","type-page","status-publish","hentry"],"_links":{"self":[{"href":"https:\/\/www.sallejoven.es\/index.php?rest_route=\/wp\/v2\/pages\/105","targetHints":{"allow":["GET"]}}],"collection":[{"href":"https:\/\/www.sallejoven.es\/index.php?rest_route=\/wp\/v2\/pages"}],"about":[{"href":"https:\/\/www.sallejoven.es\/index.php?rest_route=\/wp\/v2\/types\/page"}],"author":[{"embeddable":true,"href":"https:\/\/www.sallejoven.es\/index.php?rest_route=\/wp\/v2\/users\/1"}],"replies":[{"embeddable":true,"href":"https:\/\/www.sallejoven.es\/index.php?rest_route=%2Fwp%2Fv2%2Fcomments&post=105"}],"version-history":[{"count":2,"href":"https:\/\/www.sallejoven.es\/index.php?rest_route=\/wp\/v2\/pages\/105\/revisions"}],"predecessor-version":[{"id":330,"href":"https:\/\/www.sallejoven.es\/index.php?rest_route=\/wp\/v2\/pages\/105\/revisions\/330"}],"wp:attachment":[{"href":"https:\/\/www.sallejoven.es\/index.php?rest_route=%2Fwp%2Fv2%2Fmedia&parent=105"}],"curies":[{"name":"wp","href":"https:\/\/api.w.org\/{rel}","templated":true}]}}