{"id":10474,"date":"2020-12-21T20:47:12","date_gmt":"2020-12-21T20:47:12","guid":{"rendered":"https:\/\/www.sallejoven.es\/?page_id=10474"},"modified":"2020-12-25T16:47:39","modified_gmt":"2020-12-25T16:47:39","slug":"natus-en-casa-2020-sabado-26-de-diciembre","status":"publish","type":"page","link":"https:\/\/www.sallejoven.es\/?page_id=10474","title":{"rendered":"Natus en casa 2020: s\u00e1bado 26 de diciembre"},"content":{"rendered":"\n<figure class=\"wp-block-image size-full is-resized\"><img loading=\"lazy\" decoding=\"async\" src=\"https:\/\/www.sallejoven.es\/wp-content\/uploads\/2020\/12\/Sabado.png\" alt=\"\" class=\"wp-image-10492\" width=\"1776\" height=\"620\" srcset=\"https:\/\/www.sallejoven.es\/wp-content\/uploads\/2020\/12\/Sabado.png 1776w, https:\/\/www.sallejoven.es\/wp-content\/uploads\/2020\/12\/Sabado-550x192.png 550w, https:\/\/www.sallejoven.es\/wp-content\/uploads\/2020\/12\/Sabado-1024x357.png 1024w, https:\/\/www.sallejoven.es\/wp-content\/uploads\/2020\/12\/Sabado-768x268.png 768w, https:\/\/www.sallejoven.es\/wp-content\/uploads\/2020\/12\/Sabado-1536x536.png 1536w, https:\/\/www.sallejoven.es\/wp-content\/uploads\/2020\/12\/Sabado-150x52.png 150w\" sizes=\"auto, (max-width: 1776px) 100vw, 1776px\" \/><\/figure>\n\n\n\n<div class=\"wp-block-image\"><figure class=\"aligncenter size-large is-resized\"><\/figure><\/div>\n\n\n\n<h2 class=\"wp-block-heading\">Ma\u00f1ana del s\u00e1bado 26<\/h2>\n\n\n\n<h3 class=\"wp-block-heading\">Motivaci\u00f3n de la ma\u00f1ana<\/h3>\n\n\n\n<div class=\"wp-block-image\"><figure class=\"aligncenter\"><a class=\"Podcast de Jes\u00fas en el pesebre.\" href=\"https:\/\/drive.google.com\/drive\/folders\/1Sc-nNBWO0V5aPuhbiMofUJXVpaoocLKt\" target=\"_blank\" rel=\"https:\/\/drive.google.com\/file\/d\/1QzRdEN2icp_dDfF1vZY6bY1tM0MSXy1I\/view?usp=sharing noopener noreferrer\"><img loading=\"lazy\" decoding=\"async\" width=\"1024\" height=\"353\" src=\"https:\/\/www.sallejoven.es\/wp-content\/uploads\/2020\/12\/Motivacion-del-dia-1024x353.png\" alt=\"\" class=\"wp-image-10405\" srcset=\"https:\/\/www.sallejoven.es\/wp-content\/uploads\/2020\/12\/Motivacion-del-dia-1024x353.png 1024w, https:\/\/www.sallejoven.es\/wp-content\/uploads\/2020\/12\/Motivacion-del-dia-550x189.png 550w, https:\/\/www.sallejoven.es\/wp-content\/uploads\/2020\/12\/Motivacion-del-dia-768x265.png 768w, https:\/\/www.sallejoven.es\/wp-content\/uploads\/2020\/12\/Motivacion-del-dia-1536x529.png 1536w, https:\/\/www.sallejoven.es\/wp-content\/uploads\/2020\/12\/Motivacion-del-dia-150x52.png 150w, https:\/\/www.sallejoven.es\/wp-content\/uploads\/2020\/12\/Motivacion-del-dia.png 1785w\" sizes=\"auto, (max-width: 1024px) 100vw, 1024px\" \/><\/a><figcaption><a rel=\"noreferrer noopener\" href=\"https:\/\/drive.google.com\/drive\/folders\/1Sc-nNBWO0V5aPuhbiMofUJXVpaoocLKt?usp=sharing\" target=\"_blank\">Podcast y otras lecturas: Icono de Jes\u00fas en el pesebre. <\/a>  <br><a rel=\"noreferrer noopener\" href=\"https:\/\/drive.google.com\/drive\/folders\/1sKe7iQg36O6kjj8ok2xtriPnHDceqq4S?usp=sharing\" target=\"_blank\">Castellano<\/a>. <a rel=\"noreferrer noopener\" href=\"https:\/\/drive.google.com\/drive\/folders\/1PVAH7EUEGw0SRxBJuioEaVAO_s8UWD0L?usp=sharing\" target=\"_blank\">Catal\u00e1n.<\/a> <a rel=\"noreferrer noopener\" href=\"https:\/\/drive.google.com\/drive\/folders\/1f0jRvi392TRKFLUxLHS4wWBPQKAbELJ1?usp=sharing\" target=\"_blank\">Portugu\u00e9s.<\/a><\/figcaption><\/figure><\/div>\n\n\n\n<figure class=\"wp-block-image size-large\"><a href=\"https:\/\/youtu.be\/Y32EQUHW2Qo\"><img loading=\"lazy\" decoding=\"async\" width=\"1024\" height=\"352\" src=\"https:\/\/www.sallejoven.es\/wp-content\/uploads\/2020\/12\/Bienvenida2.png\" alt=\"\" class=\"wp-image-10684\" srcset=\"https:\/\/www.sallejoven.es\/wp-content\/uploads\/2020\/12\/Bienvenida2.png 1024w, https:\/\/www.sallejoven.es\/wp-content\/uploads\/2020\/12\/Bienvenida2-550x189.png 550w, https:\/\/www.sallejoven.es\/wp-content\/uploads\/2020\/12\/Bienvenida2-768x264.png 768w, https:\/\/www.sallejoven.es\/wp-content\/uploads\/2020\/12\/Bienvenida2-150x52.png 150w\" sizes=\"auto, (max-width: 1024px) 100vw, 1024px\" \/><\/a><\/figure>\n\n\n\n<p><a rel=\"noreferrer noopener\" href=\"https:\/\/youtu.be\/Y32EQUHW2Qo\" target=\"_blank\">Bienvenida al encuentro. Directo a trav\u00e9s de Youtube<\/a>.&nbsp;<a rel=\"noreferrer noopener\" href=\"https:\/\/youtu.be\/Y32EQUHW2Qo\" target=\"_blank\">S\u00e1bado, 10 h.<\/a><a href=\"https:\/\/youtu.be\/Y32EQUHW2Qo\" target=\"_blank\" rel=\"noreferrer noopener\">&nbsp;9:00 Canarias y Portugal.<\/a><\/p>\n\n\n\n<h3 class=\"wp-block-heading\">Tiempo personal<\/h3>\n\n\n\n<p><em>Elige las actividades seg\u00fan el grupo al que perteneces&#8230;<\/em><\/p>\n\n\n\n<p>[TABS_R id=10470]<\/p>\n\n\n\n<h3 class=\"wp-block-heading\">Oraci\u00f3n com\u00fan (13:30 h)<\/h3>\n\n\n\n<div class=\"wp-block-group\"><div class=\"wp-block-group__inner-container is-layout-flow wp-block-group-is-layout-flow\">\n<figure class=\"wp-block-image size-large is-resized\"><a href=\"https:\/\/www.youtube.com\/watch?v=QoNRQolaFfU&amp;feature=youtu.be\" target=\"_blank\" rel=\"noopener\"><img loading=\"lazy\" decoding=\"async\" src=\"https:\/\/www.sallejoven.es\/wp-content\/uploads\/2020\/12\/OracionTaizeComunidadGiron-1024x354.png\" alt=\"\" class=\"wp-image-10487\" width=\"1024\" height=\"354\" srcset=\"https:\/\/www.sallejoven.es\/wp-content\/uploads\/2020\/12\/OracionTaizeComunidadGiron-1024x354.png 1024w, https:\/\/www.sallejoven.es\/wp-content\/uploads\/2020\/12\/OracionTaizeComunidadGiron-550x190.png 550w, https:\/\/www.sallejoven.es\/wp-content\/uploads\/2020\/12\/OracionTaizeComunidadGiron-768x266.png 768w, https:\/\/www.sallejoven.es\/wp-content\/uploads\/2020\/12\/OracionTaizeComunidadGiron-1536x531.png 1536w, https:\/\/www.sallejoven.es\/wp-content\/uploads\/2020\/12\/OracionTaizeComunidadGiron-150x52.png 150w, https:\/\/www.sallejoven.es\/wp-content\/uploads\/2020\/12\/OracionTaizeComunidadGiron.png 1778w\" sizes=\"auto, (max-width: 1024px) 100vw, 1024px\" \/><\/a><figcaption><a href=\"https:\/\/www.youtube.com\/watch?v=QoNRQolaFfU&amp;feature=youtu.be\" target=\"_blank\" rel=\"noreferrer noopener\">Oraci\u00f3n en directo desde la Comunidad de Gir\u00f3n (13:30 h)<\/a><\/figcaption><\/figure>\n\n\n\n<hr class=\"wp-block-separator\"\/>\n<\/div><\/div>\n\n\n\n<h2 class=\"wp-block-heading\">Tarde del s\u00e1bado 26<\/h2>\n\n\n\n<h3 class=\"wp-block-heading\">Motivaci\u00f3n de la tarde<\/h3>\n\n\n\n<div class=\"wp-block-image\"><figure class=\"aligncenter\"><a class=\"\" href=\"https:\/\/drive.google.com\/drive\/folders\/194iQmSLW9qmkTA557vdLJVtBz4bkpzcz\" target=\"_blank\" rel=\"https:\/\/drive.google.com\/drive\/folders\/194iQmSLW9qmkTA557vdLJVtBz4bkpzcz noopener\"><img loading=\"lazy\" decoding=\"async\" width=\"1024\" height=\"353\" src=\"https:\/\/www.sallejoven.es\/wp-content\/uploads\/2020\/12\/Motivacion-del-dia-1024x353.png\" alt=\"\" class=\"wp-image-10405\" srcset=\"https:\/\/www.sallejoven.es\/wp-content\/uploads\/2020\/12\/Motivacion-del-dia-1024x353.png 1024w, https:\/\/www.sallejoven.es\/wp-content\/uploads\/2020\/12\/Motivacion-del-dia-550x189.png 550w, https:\/\/www.sallejoven.es\/wp-content\/uploads\/2020\/12\/Motivacion-del-dia-768x265.png 768w, https:\/\/www.sallejoven.es\/wp-content\/uploads\/2020\/12\/Motivacion-del-dia-1536x529.png 1536w, https:\/\/www.sallejoven.es\/wp-content\/uploads\/2020\/12\/Motivacion-del-dia-150x52.png 150w, https:\/\/www.sallejoven.es\/wp-content\/uploads\/2020\/12\/Motivacion-del-dia.png 1785w\" sizes=\"auto, (max-width: 1024px) 100vw, 1024px\" \/><\/a><figcaption><a rel=\"noreferrer noopener\" href=\"https:\/\/drive.google.com\/drive\/folders\/194iQmSLW9qmkTA557vdLJVtBz4bkpzcz?usp=sharing\" target=\"_blank\">Podcast y otras lecturas. Icono de Mar\u00eda con el ni\u00f1o en brazos.<\/a> <br><a rel=\"noreferrer noopener\" href=\"https:\/\/drive.google.com\/drive\/folders\/1jX65Pr7hiljoHOu7LqgfKtOS8GAQestE?usp=sharing\" target=\"_blank\">Castellano<\/a>. <a rel=\"noreferrer noopener\" href=\"https:\/\/drive.google.com\/drive\/folders\/1b3WHETFm6ljDqjNC1_uLn6Hwy_yhFG8o?usp=sharing\" target=\"_blank\">Catal\u00e1n.<\/a> <a rel=\"noreferrer noopener\" href=\"https:\/\/drive.google.com\/drive\/folders\/1iapKP2CCU-Qgj-pMODDvYEsmIB0ej1W2?usp=sharing\" target=\"_blank\">Portugu\u00e9s<\/a><a rel=\"noreferrer noopener\" href=\"https:\/\/drive.google.com\/drive\/folders\/1f0jRvi392TRKFLUxLHS4wWBPQKAbELJ1?usp=sharing\" target=\"_blank\">.<\/a> <\/figcaption><\/figure><\/div>\n\n\n\n<h3 class=\"wp-block-heading\">Tiempo personal<\/h3>\n\n\n\n<p><em>Elige las actividades seg\u00fan el grupo al que perteneces&#8230;<\/em><\/p>\n\n\n\n<p>[TABS_R id=10605]<\/p>\n\n\n\n<h3 class=\"wp-block-heading\">Oraci\u00f3n con la Comunidad Trinitaria de Suesa (19:30 h)<\/h3>\n\n\n\n<figure class=\"wp-block-image size-large is-resized\"><a href=\"https:\/\/youtu.be\/Egw983WRzCo\" target=\"_blank\" rel=\"noopener\"><img loading=\"lazy\" decoding=\"async\" src=\"https:\/\/www.sallejoven.es\/wp-content\/uploads\/2020\/12\/Oracion-Comunidad-Trinitaria-de-Suesa-550x190.png\" alt=\"\" class=\"wp-image-10487\" width=\"1024\" height=\"354\"\/><\/a><figcaption><a href=\"https:\/\/youtu.be\/Egw983WRzCo\" target=\"_blank\" rel=\"noreferrer noopener\">Oraci\u00f3n en directo desde la Comunidad Trinitaria de Suesa (19:30 h)<\/a><\/figcaption><\/figure>\n\n\n\n<h3 class=\"wp-block-heading\">En el claustro &#8211; Reuniones por grupos (22:00 h)<\/h3>\n\n\n\n<figure class=\"wp-block-image size-large is-resized\"><a href=\"https:\/\/drive.google.com\/file\/d\/1dbRnN0K3MPHmToIAD_FGC88KUnOL6ISe\/view\" target=\"_blank\" rel=\"noopener\"><img loading=\"lazy\" decoding=\"async\" src=\"https:\/\/www.sallejoven.es\/wp-content\/uploads\/2020\/12\/En-el-claustro-1-550x189.png\" alt=\"\" class=\"wp-image-10487\" width=\"1024\" height=\"354\"\/><\/a><figcaption><a href=\"https:\/\/drive.google.com\/file\/d\/1dbRnN0K3MPHmToIAD_FGC88KUnOL6ISe\/view\" target=\"_blank\" rel=\"noreferrer noopener\">Reuni\u00f3n por grupos peque\u00f1os.<\/a><\/figcaption><\/figure>\n","protected":false},"excerpt":{"rendered":"<p>Ma\u00f1ana del s\u00e1bado 26 Motivaci\u00f3n de la ma\u00f1ana Bienvenida al encuentro. Directo a trav\u00e9s de Youtube.&nbsp;S\u00e1bado, 10 h.&nbsp;9:00 Canarias y Portugal. Tiempo personal Elige las actividades seg\u00fan el grupo al que perteneces&#8230; [TABS_R id=10470] Oraci\u00f3n com\u00fan (13:30 h) Tarde del s\u00e1bado 26 Motivaci\u00f3n de la tarde Tiempo personal Elige las&#8230;<\/p>\n<p> <a class=\"continue-reading-link\" href=\"https:\/\/www.sallejoven.es\/?page_id=10474\"><span>Leer m\u00e1s<\/span><i class=\"crycon-right-dir\"><\/i><\/a> <\/p>\n","protected":false},"author":19,"featured_media":0,"parent":10357,"menu_order":0,"comment_status":"closed","ping_status":"closed","template":"","meta":{"footnotes":""},"class_list":["post-10474","page","type-page","status-publish","hentry"],"_links":{"self":[{"href":"https:\/\/www.sallejoven.es\/index.php?rest_route=\/wp\/v2\/pages\/10474","targetHints":{"allow":["GET"]}}],"collection":[{"href":"https:\/\/www.sallejoven.es\/index.php?rest_route=\/wp\/v2\/pages"}],"about":[{"href":"https:\/\/www.sallejoven.es\/index.php?rest_route=\/wp\/v2\/types\/page"}],"author":[{"embeddable":true,"href":"https:\/\/www.sallejoven.es\/index.php?rest_route=\/wp\/v2\/users\/19"}],"replies":[{"embeddable":true,"href":"https:\/\/www.sallejoven.es\/index.php?rest_route=%2Fwp%2Fv2%2Fcomments&post=10474"}],"version-history":[{"count":30,"href":"https:\/\/www.sallejoven.es\/index.php?rest_route=\/wp\/v2\/pages\/10474\/revisions"}],"predecessor-version":[{"id":10686,"href":"https:\/\/www.sallejoven.es\/index.php?rest_route=\/wp\/v2\/pages\/10474\/revisions\/10686"}],"up":[{"embeddable":true,"href":"https:\/\/www.sallejoven.es\/index.php?rest_route=\/wp\/v2\/pages\/10357"}],"wp:attachment":[{"href":"https:\/\/www.sallejoven.es\/index.php?rest_route=%2Fwp%2Fv2%2Fmedia&parent=10474"}],"curies":[{"name":"wp","href":"https:\/\/api.w.org\/{rel}","templated":true}]}}